{"id":3,"date":"2019-12-12T15:12:40","date_gmt":"2019-12-12T15:12:40","guid":{"rendered":"https:\/\/adsenseearnmoney.com\/?page_id=3"},"modified":"2020-04-12T09:34:00","modified_gmt":"2020-04-12T09:34:00","slug":"privacy-policy","status":"publish","type":"page","link":"https:\/\/adsenseearnmoney.com\/fr\/privacy-policy\/","title":{"rendered":"Politique de confidentialit\u00e9"},"content":{"rendered":"\n<p>Adsense Earn Money Politique de confidentialit\u00e9, \u00e0 adsenseearnmoney.com, nous nous engageons \u00e0 maintenir la confiance de tous les visiteurs de notre site Web. En particulier, nous voulons que vous sachiez que adsenseearnmoney.com n&#8217;a pas pour vocation de vendre, louer ou \u00e9changer des listes de diffusion avec d&#8217;autres soci\u00e9t\u00e9s et entreprises \u00e0 des fins de marketing.<\/p>\n\n\n\n<h2 class=\"wp-block-heading\">Bienvenue sur Adsense Earn Money Politique de confidentialit\u00e9<\/h2>\n\n\n\n<div class=\"wp-block-image\"><figure class=\"aligncenter\"><img decoding=\"async\" src=\"https:\/\/adsenseearnmoney.com\/wp-content\/uploads\/2020\/02\/adsense-earn-money-1024x427.png\" alt=\"Adsense Earn Money Politique de confidentialit\u00e9\" title=\"\"><\/figure><\/div>\n\n\n\n<p>L&#8217;adresse de notre site Web est <a href=\"https:\/\/adsenseearnmoney.com\" class=\"rank-math-link\">https:\/\/adsenseearnmoney.com<\/a>.<\/p>\n\n\n\n<p>Dans cette politique de confidentialit\u00e9, nous avons fourni des informations d\u00e9taill\u00e9es sur quand et pourquoi nous collectons des informations personnelles, comment nous les utilisons, les conditions limit\u00e9es dans lesquelles nous pouvons les divulguer \u00e0 d&#8217;autres, et comment nous les gardons en s\u00e9curit\u00e9.<\/p>\n\n\n\n<p>Nous prenons votre vie priv\u00e9e au s\u00e9rieux et prenons des mesures pour fournir \u00e0 tous les visiteurs et utilisateurs de adsenseearnmoney.com un environnement s\u00fbr et s\u00e9curis\u00e9.<\/p>\n\n\n\n<h2 class=\"wp-block-heading\">Quelles informations collectons-nous et comment les utiliser?<\/h2>\n\n\n\n<h3 class=\"wp-block-heading\">Informations que vous soumettez volontairement au site Web<\/h3>\n\n\n\n<p>Nous pouvons collecter des informations personnelles telles que votre nom ou votre adresse e-mail. Par exemple, vous pouvez volontairement soumettre des informations au site Web en laissant un commentaire, en vous abonnant \u00e0 une newsletter ou en soumettant un formulaire de contact.<\/p>\n\n\n\n<h3 class=\"wp-block-heading\">Informations que nous collectons aupr\u00e8s des autres<\/h3>\n\n\n\n<p>Nous pouvons recevoir des informations vous concernant d&#8217;autres sources. Vous pouvez associer vos comptes Facebook, Instagram et Google \u00e0 votre profil d&#8217;utilisateur. Si vous choisissez de lier vos comptes Facebook, Instagram et \/ ou Google \u00e0 votre profil utilisateur, nous recevrons votre nom, votre adresse e-mail et votre photo de profil associ\u00e9e \u00e0 ce compte.<\/p>\n\n\n\n<h3 class=\"wp-block-heading\">Informations collect\u00e9es automatiquement<\/h3>\n\n\n\n<p>Nous collectons automatiquement certaines informations sur vous et l&#8217;appareil avec lequel vous acc\u00e9dez au site Web. Par exemple, lorsque vous utilisez le site Web, nous enregistrons votre adresse IP, le type de syst\u00e8me d&#8217;exploitation, le type de navigateur, le site Web r\u00e9f\u00e9rent, les pages que vous avez consult\u00e9es et les heures auxquelles vous avez acc\u00e9d\u00e9 au site Web. Nous pouvons \u00e9galement collecter des informations sur les mesures que vous prenez lors de l&#8217;utilisation du site Web, telles que les liens cliqu\u00e9s.<\/p>\n\n\n\n<h3 class=\"wp-block-heading\">Commentaires sur le site Web<\/h3>\n\n\n\n<p>Quand quelqu&#8217;un visite <a href=\"https:\/\/adsenseearnmoney.com\" class=\"rank-math-link\">https:\/\/adsenseearnmoney.com<\/a>, il peut \u00eatre possible de soumettre des commentaires sur des articles ou des pages sp\u00e9cifiques. Lorsque des commentaires sont soumis, vous avez le droit d&#8217;utiliser des alias ou des informations qui cachent compl\u00e8tement votre identit\u00e9. Lorsqu&#8217;un commentaire est soumis, les d\u00e9tails pertinents (nom, e-mail, site Web) que vous fournissez sont stock\u00e9s. Ces d\u00e9tails sont stock\u00e9s afin que nous puissions afficher votre commentaire \u00e0 vous et \u00e0 toute personne consultant les sections de commentaires sur le site. Nous ne v\u00e9rifions pas les informations saisies ni ne demandons de v\u00e9rification.<\/p>\n\n\n\n<h2 class=\"wp-block-heading\">M\u00e9dias<\/h2>\n\n\n\n<p>Si vous t\u00e9l\u00e9chargez des images sur le site Web, vous devez \u00e9viter de t\u00e9l\u00e9charger des images avec des donn\u00e9es de localisation int\u00e9gr\u00e9es (EXIF GPS) incluses. Les visiteurs du site Web peuvent t\u00e9l\u00e9charger et extraire toutes les donn\u00e9es de localisation des images sur le site Web.<\/p>\n\n\n\n<p>Cookies<\/p>\n\n\n\n<p>Le site Web utilise des cookies pour stocker les pr\u00e9f\u00e9rences des visiteurs, enregistrer des informations sp\u00e9cifiques \u00e0 l&#8217;utilisateur sur les pages auxquelles les utilisateurs acc\u00e8dent ou visitent, s&#8217;assurer que les visiteurs ne re\u00e7oivent pas \u00e0 plusieurs reprises les m\u00eames banni\u00e8res publicitaires, personnaliser le contenu du site Web en fonction du type de navigateur des visiteurs ou d&#8217;autres informations que le visiteur envoie. Les cookies peuvent \u00e9galement \u00eatre utilis\u00e9s par des services tiers, tels que Google Analytics, comme d\u00e9crit dans les pr\u00e9sentes.<\/p>\n\n\n\n<p>Les utilisateurs peuvent, \u00e0 tout moment, emp\u00eacher la mise en place de cookies, par le Site, en utilisant un param\u00e8tre correspondant de votre navigateur Internet et peuvent ainsi refuser d\u00e9finitivement la mise en place de cookies. De plus, les cookies d\u00e9j\u00e0 d\u00e9finis peuvent \u00eatre supprim\u00e9s \u00e0 tout moment via un navigateur Internet ou d&#8217;autres logiciels. Cela est possible dans tous les navigateurs Internet courants. Cependant, si les utilisateurs d\u00e9sactivent la configuration des cookies dans votre navigateur Internet, toutes les fonctions de notre site Web peuvent ne pas \u00eatre enti\u00e8rement utilisables.<\/p>\n\n\n\n<p>Si vous laissez un commentaire sur notre site, vous pouvez choisir d&#8217;enregistrer votre nom, votre adresse e-mail et votre site Web dans des cookies. Ce sont pour votre commodit\u00e9 afin que vous n&#8217;ayez pas \u00e0 saisir \u00e0 nouveau vos coordonn\u00e9es lorsque vous laissez un autre commentaire. Ces cookies dureront un an.<\/p>\n\n\n\n<p>Si vous visitez notre page de connexion, nous installerons un cookie temporaire pour d\u00e9terminer si votre navigateur accepte les cookies. Ce cookie ne contient aucune donn\u00e9e personnelle et est supprim\u00e9 lorsque vous fermez votre navigateur.<\/p>\n\n\n\n<p>Lorsque vous vous connectez, nous installons \u00e9galement plusieurs cookies pour enregistrer vos informations de connexion et vos choix d&#8217;affichage \u00e0 l&#8217;\u00e9cran. Les cookies de connexion durent deux jours et les cookies d&#8217;options d&#8217;\u00e9cran durent un an. Si vous s\u00e9lectionnez \u00abSe souvenir de moi\u00bb, votre connexion persistera pendant deux semaines. Si vous vous d\u00e9connectez de votre compte, les cookies de connexion seront supprim\u00e9s.<\/p>\n\n\n\n<p>Si vous modifiez ou publiez un article, un cookie suppl\u00e9mentaire sera enregistr\u00e9 dans votre navigateur. Ce cookie ne contient aucune donn\u00e9e personnelle et indique simplement l&#8217;identifiant de l&#8217;article que vous venez de modifier. Il expire apr\u00e8s 1 jour.<\/p>\n\n\n\n<h3 class=\"wp-block-heading\">Comment vos informations peuvent \u00eatre utilis\u00e9es<\/h3>\n\n\n\n<p>Nous pouvons utiliser les informations collect\u00e9es des mani\u00e8res suivantes:<\/p>\n\n\n\n<ul class=\"wp-block-list\"><li>Pour exploiter et maintenir le site Web;<\/li><li>Pour vous envoyer des informations promotionnelles, telles que des newsletters. Chaque promotion par e-mail fournira des informations sur la fa\u00e7on de se d\u00e9sinscrire des futurs envois;<\/li><li>Pour vous envoyer des communications administratives, telles que des courriels administratifs, des courriels de confirmation, des avis techniques, des mises \u00e0 jour sur les politiques ou des alertes de s\u00e9curit\u00e9;<\/li><li>Pour r\u00e9pondre \u00e0 vos commentaires ou demandes de renseignements;<\/li><li>Pour vous fournir un support utilisateur;<\/li><li>Pour suivre et mesurer la publicit\u00e9 sur le site Web;<\/li><li>Pour prot\u00e9ger, enqu\u00eater et d\u00e9courager toute activit\u00e9 non autoris\u00e9e ou ill\u00e9gale.<\/li><\/ul>\n\n\n\n<h2 class=\"wp-block-heading\">Utilisation par des tiers d&#8217;informations personnelles<\/h2>\n\n\n\n<p>Nous pouvons partager vos informations avec des tiers lorsque vous nous autorisez explicitement \u00e0 partager vos informations.<\/p>\n\n\n\n<p>De plus, le site Web peut utiliser des fournisseurs de services tiers pour desservir divers aspects du site Web. L&#8217;utilisation par vos fournisseurs de services tiers de vos informations personnelles est dict\u00e9e par leurs politiques de confidentialit\u00e9 respectives.<\/p>\n\n\n\n<p>Le site Web utilise actuellement les fournisseurs de services tiers suivants:<\/p>\n\n\n\n<p><a href=\"https:\/\/analytics.google.com\/analytics\/web\/\" class=\"rank-math-link\" target=\"_blank\" rel=\"noopener\">Google Analytics<\/a> &#8211; Ce service suit l&#8217;utilisation du site Web et fournit des informations telles que les sites Web r\u00e9f\u00e9rents et les actions des utilisateurs sur le site Web. Google Analytics peut capturer votre adresse IP, mais aucune autre information personnelle n&#8217;est captur\u00e9e par Google Analytics.<\/p>\n\n\n\n<p>Pour le moment, vos informations personnelles ne sont partag\u00e9es avec aucune autre application tierce. Cette liste peut \u00eatre modifi\u00e9e de temps \u00e0 autre \u00e0 la seule discr\u00e9tion du site Web.<\/p>\n\n\n\n<p>Sauf lorsque la loi l&#8217;exige, nous ne vendrons, ne distribuerons ni ne r\u00e9v\u00e9lerons vos adresses e-mail ou autres informations personnelles sans votre consentement; cependant, nous pouvons divulguer ou transf\u00e9rer des informations personnelles collect\u00e9es via le site Web \u00e0 des tiers qui acqui\u00e8rent tout ou partie de nos activit\u00e9s, ce qui peut \u00eatre le r\u00e9sultat d&#8217;une fusion, d&#8217;une consolidation ou d&#8217;un achat de tout ou partie de nos actifs, ou dans lien avec toute proc\u00e9dure de mise en faillite ou de r\u00e9organisation intent\u00e9e par ou contre nous.<\/p>\n\n\n\n<h2 class=\"wp-block-heading\">Informations publiquement visibles<\/h2>\n\n\n\n<p>Si vous cr\u00e9ez un profil d&#8217;utilisateur sur le site Web ou laissez un commentaire, certaines informations peuvent \u00eatre publiquement visibles. Pour cr\u00e9er un profil utilisateur, vous devez choisir un nom d&#8217;utilisateur et un mot de passe et saisir votre adresse e-mail pour la confirmation du profil. Votre adresse e-mail ne sera jamais disponible publiquement. \u00c0 votre choix, vous pouvez \u00e9galement ajouter un avatar, une description de profil et un lien vers votre site Web.<\/p>\n\n\n\n<p>Vous pouvez \u00e9galement choisir de lier votre compte Facebook, Instagram et Google.<\/p>\n\n\n\n<p>Les utilisateurs peuvent voir votre nom d&#8217;utilisateur, votre avatar, la description de votre profil et les informations de votre site Web.<\/p>\n\n\n\n<h2 class=\"wp-block-heading\">\u00c0 propos des annonces<\/h2>\n\n\n\n<p>Nous pouvons utiliser des soci\u00e9t\u00e9s de publicit\u00e9 tierces pour diffuser du contenu et des publicit\u00e9s lorsque vous visitez le site Web, ce qui peut utiliser des cookies, comme indiqu\u00e9 ci-dessus.<\/p>\n\n\n\n<h3 class=\"wp-block-heading\">Rediriger les annonces<\/h3>\n\n\n\n<p>De temps en temps, le site Web peut s&#8217;engager dans des efforts de remarketing avec des soci\u00e9t\u00e9s tierces, telles que Google, Facebook ou Instagram, afin de commercialiser le site Web. Ces soci\u00e9t\u00e9s utilisent des cookies pour diffuser des annonces bas\u00e9es sur les visites ant\u00e9rieures de quelqu&#8217;un sur le site Web.<\/p>\n\n\n\n<h3 class=\"wp-block-heading\">Liens affili\u00e9s<\/h3>\n\n\n\n<p>Avertissement: Nous avons des liens d&#8217;affiliation sur notre site Web o\u00f9 nous le jugeons appropri\u00e9 et nous gagnerons une commission si vous achetez des produits via ces liens. Nous utilisons de nombreux produits et les recommandons, mais nous ne les poss\u00e9dons certainement pas et n&#8217;avons pas utilis\u00e9 tous les produits. Veuillez nous informer si vous avez des questions sur les produits ou les liens d&#8217;affiliation que vous rencontrez sur notre site.<\/p>\n\n\n\n<h2 class=\"wp-block-heading\">Contenu int\u00e9gr\u00e9 provenant d&#8217;autres sites Web<\/h2>\n\n\n\n<p>Les articles de ce site peuvent inclure du contenu int\u00e9gr\u00e9 (par exemple, des vid\u00e9os, des images, des articles, etc.). Le contenu int\u00e9gr\u00e9 provenant d&#8217;autres sites Web se comporte exactement de la m\u00eame mani\u00e8re que si le visiteur avait visit\u00e9 l&#8217;autre site Web.<\/p>\n\n\n\n<p>Ces sites Web peuvent collecter des donn\u00e9es \u00e0 votre sujet, utiliser des cookies, int\u00e9grer un suivi tiers suppl\u00e9mentaire et surveiller votre interaction avec ce contenu int\u00e9gr\u00e9, y compris le suivi de votre interaction avec le contenu int\u00e9gr\u00e9 si vous avez un compte et \u00eates connect\u00e9 \u00e0 ce site Web.<\/p>\n\n\n\n<h2 class=\"wp-block-heading\">Combien de temps nous conservons vos donn\u00e9es<\/h2>\n\n\n\n<p>Si vous laissez un commentaire, le commentaire et ses m\u00e9tadonn\u00e9es sont conserv\u00e9s ind\u00e9finiment. Cela nous permet de reconna\u00eetre et d&#8217;approuver automatiquement les commentaires de suivi au lieu de les conserver dans une file d&#8217;attente de mod\u00e9ration.<\/p>\n\n\n\n<p>Pour les utilisateurs qui s&#8217;inscrivent sur notre site Web (le cas \u00e9ch\u00e9ant), nous stockons \u00e9galement les informations personnelles qu&#8217;ils fournissent dans leur profil d&#8217;utilisateur. Tous les utilisateurs peuvent voir, modifier ou supprimer leurs informations personnelles \u00e0 tout moment (sauf qu&#8217;ils ne peuvent pas changer leur nom d&#8217;utilisateur). Les administrateurs de sites Web peuvent \u00e9galement voir et modifier ces informations.<\/p>\n\n\n\n<h2 class=\"wp-block-heading\">Quels droits vous avez sur vos donn\u00e9es<\/h2>\n\n\n\n<p>Si vous avez un compte sur ce site ou avez laiss\u00e9 des commentaires, vous pouvez demander \u00e0 recevoir un fichier export\u00e9 des donn\u00e9es personnelles que nous d\u00e9tenons \u00e0 votre sujet, y compris toutes les donn\u00e9es que vous nous avez fournies. Vous pouvez \u00e9galement demander que nous effacions toutes les donn\u00e9es personnelles que nous d\u00e9tenons \u00e0 votre sujet. Cela n&#8217;inclut pas les donn\u00e9es que nous sommes tenus de conserver \u00e0 des fins administratives, juridiques ou de s\u00e9curit\u00e9.<\/p>\n\n\n\n<h2 class=\"wp-block-heading\">O\u00f9 nous envoyons vos donn\u00e9es<\/h2>\n\n\n\n<p>Les commentaires des visiteurs peuvent \u00eatre v\u00e9rifi\u00e9s via un service de d\u00e9tection de spam automatis\u00e9.<\/p>\n\n\n\n<h2 class=\"wp-block-heading\">Modifications de notre politique de confidentialit\u00e9<\/h2>\n\n\n\n<p>Nous pouvons apporter des modifications \u00e0 notre politique de confidentialit\u00e9 \u00e0 l&#8217;avenir, cependant, la version la plus r\u00e9cente de la politique r\u00e9gira notre traitement de vos donn\u00e9es personnelles et sera toujours \u00e0 votre disposition.<\/p>\n\n\n\n<p>Si nous apportons une modification \u00e0 cette politique qui, \u00e0 notre seule discr\u00e9tion, est importante, nous vous en informerons par une mise \u00e0 jour ou par e-mail, si possible. En continuant \u00e0 acc\u00e9der ou \u00e0 utiliser nos services, vous acceptez d&#8217;\u00eatre li\u00e9 par les termes de notre politique de confidentialit\u00e9.<\/p>\n","protected":false},"excerpt":{"rendered":"<p>Adsense Earn Money Politique de confidentialit\u00e9, \u00e0 adsenseearnmoney.com, nous nous engageons \u00e0 maintenir la confiance de tous les visiteurs de notre site Web. En particulier, nous voulons que vous sachiez que adsenseearnmoney.com n&#8217;a pas pour vocation de vendre, louer ou \u00e9changer des listes de diffusion avec d&#8217;autres soci\u00e9t\u00e9s et entreprises \u00e0 des fins de marketing. &#8230; <a title=\"Politique de confidentialit\u00e9\" class=\"read-more\" href=\"https:\/\/adsenseearnmoney.com\/fr\/privacy-policy\/\" aria-label=\"Read more about Politique de confidentialit\u00e9\">Lire plus<\/a><\/p>\n","protected":false},"author":1,"featured_media":0,"parent":0,"menu_order":0,"comment_status":"closed","ping_status":"closed","template":"template-page-builder-no-sidebar.php","meta":{"footnotes":""},"class_list":["post-3","page","type-page","status-publish"],"translation":{"provider":"WPGlobus","version":"3.0.2","language":"fr","enabled_languages":["en","de","fr","zh","tw","ja"],"languages":{"en":{"title":true,"content":true,"excerpt":false},"de":{"title":true,"content":true,"excerpt":false},"fr":{"title":true,"content":true,"excerpt":false},"zh":{"title":true,"content":true,"excerpt":false},"tw":{"title":true,"content":true,"excerpt":false},"ja":{"title":true,"content":true,"excerpt":false}}},"_links":{"self":[{"href":"https:\/\/adsenseearnmoney.com\/fr\/wp-json\/wp\/v2\/pages\/3","targetHints":{"allow":["GET"]}}],"collection":[{"href":"https:\/\/adsenseearnmoney.com\/fr\/wp-json\/wp\/v2\/pages"}],"about":[{"href":"https:\/\/adsenseearnmoney.com\/fr\/wp-json\/wp\/v2\/types\/page"}],"author":[{"embeddable":true,"href":"https:\/\/adsenseearnmoney.com\/fr\/wp-json\/wp\/v2\/users\/1"}],"replies":[{"embeddable":true,"href":"https:\/\/adsenseearnmoney.com\/fr\/wp-json\/wp\/v2\/comments?post=3"}],"version-history":[{"count":11,"href":"https:\/\/adsenseearnmoney.com\/fr\/wp-json\/wp\/v2\/pages\/3\/revisions"}],"predecessor-version":[{"id":289,"href":"https:\/\/adsenseearnmoney.com\/fr\/wp-json\/wp\/v2\/pages\/3\/revisions\/289"}],"wp:attachment":[{"href":"https:\/\/adsenseearnmoney.com\/fr\/wp-json\/wp\/v2\/media?parent=3"}],"curies":[{"name":"wp","href":"https:\/\/api.w.org\/{rel}","templated":true}]}}