{"id":3,"date":"2019-12-12T15:12:40","date_gmt":"2019-12-12T15:12:40","guid":{"rendered":"https:\/\/adsenseearnmoney.com\/?page_id=3"},"modified":"2020-04-12T09:34:00","modified_gmt":"2020-04-12T09:34:00","slug":"privacy-policy","status":"publish","type":"page","link":"https:\/\/adsenseearnmoney.com\/de\/privacy-policy\/","title":{"rendered":"Datenschutz-Bestimmungen"},"content":{"rendered":"\n<p>Adsense Earn Money-Datenschutzrichtlinie, adsenseearnmoney.com, verpflichtet sich, das Vertrauen aller Besucher unserer Website zu wahren. Insbesondere m\u00f6chten wir Sie darauf hinweisen, dass adsenseearnmoney.com nicht in der Lage ist, E-Mail-Listen mit anderen Unternehmen und Unternehmen zu Marketingzwecken zu verkaufen, zu vermieten oder zu handeln.<\/p>\n\n\n\n<h2 class=\"wp-block-heading\">Willkommen bei der Datenschutzrichtlinie von Adsense Earn Money<\/h2>\n\n\n\n<div class=\"wp-block-image\"><figure class=\"aligncenter\"><img decoding=\"async\" src=\"https:\/\/adsenseearnmoney.com\/wp-content\/uploads\/2020\/02\/adsense-earn-money-1024x427.png\" alt=\"Adsense Earn Money Datenschutz-Bestimmungen\" title=\"\"><\/figure><\/div>\n\n\n\n<p>Unsere Website-Adresse lautet <a href=\"https:\/\/adsenseearnmoney.com\" class=\"rank-math-link\">https:\/\/adsenseearnmoney.com<\/a>.<\/p>\n\n\n\n<p>In dieser Datenschutzrichtlinie haben wir detaillierte Informationen dar\u00fcber bereitgestellt, wann und warum wir personenbezogene Daten erfassen, wie wir sie verwenden, unter welchen eingeschr\u00e4nkten Bedingungen wir sie m\u00f6glicherweise an Dritte weitergeben und wie wir sie sch\u00fctzen.<\/p>\n\n\n\n<p>Wir nehmen Ihre Privatsph\u00e4re ernst und ergreifen Ma\u00dfnahmen, um allen Besuchern und Benutzern von adsenseearnmoney.com eine sichere Umgebung zu bieten.<\/p>\n\n\n\n<h2 class=\"wp-block-heading\">Welche Informationen sammeln wir und wie verwenden wir sie?<\/h2>\n\n\n\n<h3 class=\"wp-block-heading\">Informationen, die Sie freiwillig an die Website \u00fcbermitteln<\/h3>\n\n\n\n<p>M\u00f6glicherweise erheben wir von Ihnen personenbezogene Daten wie Ihren Namen oder Ihre E-Mail-Adresse. Beispielsweise k\u00f6nnen Sie freiwillig Informationen an die Website senden, indem Sie einen Kommentar hinterlassen, einen Newsletter abonnieren oder ein Kontaktformular senden.<\/p>\n\n\n\n<h3 class=\"wp-block-heading\">Informationen, die wir von anderen sammeln<\/h3>\n\n\n\n<p> Wir erhalten m\u00f6glicherweise Informationen \u00fcber Sie aus anderen Quellen. Sie k\u00f6nnen Ihre Facebook-, Instagram- und Google-Konten mit Ihrem Benutzerprofil verkn\u00fcpfen. Wenn Sie Ihr Facebook-, Instagram- und \/ oder Google-Konto mit Ihrem Benutzerprofil verkn\u00fcpfen, erhalten wir Ihren Namen, Ihre E-Mail-Adresse und das mit diesem Konto verkn\u00fcpfte Profilbild.<\/p>\n\n\n\n<h3 class=\"wp-block-heading\">Automatisch gesammelte Informationen<\/h3>\n\n\n\n<p> Wir erfassen automatisch bestimmte Informationen \u00fcber Sie und das Ger\u00e4t, mit dem Sie auf die Website zugreifen. Wenn Sie beispielsweise die Website verwenden, protokollieren wir Ihre IP-Adresse, den Betriebssystemtyp, den Browsertyp, die verweisende Website, die von Ihnen angezeigten Seiten und die Zeitpunkte, zu denen Sie auf die Website zugegriffen haben. M\u00f6glicherweise erfassen wir auch Informationen zu Aktionen, die Sie bei der Nutzung der Website ausf\u00fchren, z. B. geklickte Links.<\/p>\n\n\n\n<h3 class=\"wp-block-heading\">Website-Kommentare<\/h3>\n\n\n\n<p> Wenn jemand https:\/\/adsenseearnmoney.com besucht, besteht m\u00f6glicherweise die M\u00f6glichkeit, Kommentare zu bestimmten Artikeln oder Seiten abzugeben. Bei der \u00dcbermittlung von Kommentaren sind Sie berechtigt, Aliase oder Informationen zu verwenden, die Ihre Identit\u00e4t vollst\u00e4ndig verbergen. Wenn ein Kommentar gesendet wird, werden die relevanten Details (Name, E-Mail-Adresse, Website), die Sie angeben, gespeichert. Diese Details werden gespeichert, damit wir Ihren Kommentar f\u00fcr Sie und alle Personen anzeigen k\u00f6nnen, die die Kommentarbereiche auf der Website anzeigen. Wir \u00fcberpr\u00fcfen die eingegebenen Informationen nicht und fordern keine \u00dcberpr\u00fcfung an.<\/p>\n\n\n\n<h2 class=\"wp-block-heading\">Medien<\/h2>\n\n\n\n<p> Wenn Sie Bilder auf die Website hochladen, sollten Sie das Hochladen von Bildern mit eingebetteten Positionsdaten (EXIF GPS) vermeiden. Besucher der Website k\u00f6nnen Standortdaten von Bildern auf der Website herunterladen und extrahieren.<\/p>\n\n\n\n<h2 class=\"wp-block-heading\">Cookie<\/h2>\n\n\n\n<p>Die Website verwendet Cookies, um die Pr\u00e4ferenzen der Besucher zu speichern, benutzerspezifische Informationen dar\u00fcber aufzuzeichnen, auf welche Seiten Benutzer zugreifen oder welche besuchen, um sicherzustellen, dass den Besuchern nicht wiederholt dieselben Bannerwerbungen gesendet werden, und um den Inhalt der Website basierend auf dem Browsertyp der Besucher oder anderen Informationen des Besuchers anzupassen sendet. Cookies k\u00f6nnen auch von Drittanbieterdiensten wie Google Analytics, wie hier beschrieben, verwendet werden.<\/p>\n\n\n\n<p>Benutzer k\u00f6nnen jederzeit das Setzen von Cookies durch die Website verhindern, indem sie eine entsprechende Einstellung Ihres Internetbrowsers verwenden, und somit das Setzen von Cookies dauerhaft ablehnen. Weiterhin k\u00f6nnen bereits gesetzte Cookies jederzeit \u00fcber einen Internetbrowser oder andere Softwareprogramme gel\u00f6scht werden. Dies ist in allen g\u00e4ngigen Internetbrowsern m\u00f6glich. Deaktivieren Nutzer jedoch das Setzen von Cookies in Ihrem Internetbrowser, sind m\u00f6glicherweise nicht alle Funktionen unserer Website vollst\u00e4ndig nutzbar.<\/p>\n\n\n\n<p>Wenn Sie einen Kommentar auf unserer Website hinterlassen, k\u00f6nnen Sie sich daf\u00fcr entscheiden, Ihren Namen, Ihre E-Mail-Adresse und Ihre Website in Cookies zu speichern. Diese dienen Ihrer Bequemlichkeit, damit Sie Ihre Daten nicht erneut eingeben m\u00fcssen, wenn Sie einen anderen Kommentar hinterlassen. Diese Cookies haben eine Laufzeit von einem Jahr.<\/p>\n\n\n\n<p>Wenn Sie unsere Anmeldeseite besuchen, setzen wir ein tempor\u00e4res Cookie, um festzustellen, ob Ihr Browser Cookies akzeptiert. Dieser Cookie enth\u00e4lt keine pers\u00f6nlichen Daten und wird verworfen, wenn Sie Ihren Browser schlie\u00dfen.<\/p>\n\n\n\n<p>Wenn Sie sich anmelden, richten wir auch mehrere Cookies ein, um Ihre Anmeldeinformationen und Ihre Bildschirmanzeigen zu speichern. Anmeldecookies sind zwei Tage lang g\u00fcltig, und Bildschirmoptionscookies sind ein Jahr lang g\u00fcltig. Wenn Sie &#8220;Angemeldet bleiben&#8221; ausw\u00e4hlen, bleibt Ihre Anmeldung zwei Wochen lang bestehen. Wenn Sie sich von Ihrem Konto abmelden, werden die Anmelde-Cookies entfernt.<\/p>\n\n\n\n<p>Wenn Sie einen Artikel bearbeiten oder ver\u00f6ffentlichen, wird ein zus\u00e4tzliches Cookie in Ihrem Browser gespeichert. Dieses Cookie enth\u00e4lt keine pers\u00f6nlichen Daten und gibt lediglich die Beitrags-ID des gerade bearbeiteten Artikels an. Es l\u00e4uft nach 1 Tag ab.<\/p>\n\n\n\n<h2 class=\"wp-block-heading\">Wie Ihre Informationen verwendet werden k\u00f6nnen<\/h2>\n\n\n\n<p>Wir k\u00f6nnen die gesammelten Informationen auf folgende Weise verwenden:<\/p>\n\n\n\n<p>Die Website zu betreiben und zu warten;<\/p>\n\n\n\n<ul class=\"wp-block-list\"><li>Um Ihnen Werbeinformationen wie Newsletter zuzusenden. Jede E-Mail-Aktion enth\u00e4lt Informationen zum Deaktivieren zuk\u00fcnftiger Mailings.<\/li><li>Um Ihnen administrative Mitteilungen wie administrative E-Mails, Best\u00e4tigungs-E-Mails, technische Mitteilungen, Aktualisierungen von Richtlinien oder Sicherheitswarnungen zu senden;<\/li><li>Um auf Ihre Kommentare oder Anfragen zu antworten;<\/li><li>Um Sie mit Benutzerunterst\u00fctzung zu versorgen;<\/li><li>Verfolgung und Messung der Werbung auf der Website;<\/li><li>Zum Schutz, zur Untersuchung und zur Abwehr von unerlaubten oder illegalen Aktivit\u00e4ten.<\/li><\/ul>\n\n\n\n<h2 class=\"wp-block-heading\">Verwendung personenbezogener Daten durch Dritte<\/h2>\n\n\n\n<p>Wir k\u00f6nnen Ihre Daten an Dritte weitergeben, wenn Sie uns ausdr\u00fccklich gestatten, Ihre Daten weiterzugeben.<\/p>\n\n\n\n<p>Dar\u00fcber hinaus kann die Website Drittanbieter verwenden, um verschiedene Aspekte der Website zu warten. Die Verwendung Ihrer pers\u00f6nlichen Daten durch Drittanbieter unterliegt den jeweiligen Datenschutzrichtlinien.<\/p>\n\n\n\n<p>Die Website verwendet derzeit die folgenden Drittanbieter:<\/p>\n\n\n\n<p><a href=\"https:\/\/analytics.google.com\/analytics\/web\/\" class=\"rank-math-link\" target=\"_blank\" rel=\"noopener\">Google Analytics<\/a> &#8211; Dieser Dienst protokolliert die Nutzung der Website und bietet Informationen wie Verweise auf Websites und Nutzeraktionen auf der Website. Google Analytics erfasst m\u00f6glicherweise Ihre IP-Adresse, aber keine anderen pers\u00f6nlichen Informationen werden von Google Analytics erfasst.<\/p>\n\n\n\n<p>Zu diesem Zeitpunkt werden Ihre pers\u00f6nlichen Daten nicht mit anderen Anwendungen von Drittanbietern geteilt. Diese Liste kann von Zeit zu Zeit nach alleinigem Ermessen der Website ge\u00e4ndert werden.<\/p>\n\n\n\n<p>Sofern dies nicht gesetzlich vorgeschrieben ist, werden wir Ihre E-Mail-Adressen oder andere pers\u00f6nliche Informationen ohne Ihre Zustimmung weder verkaufen, verbreiten noch offenlegen. Wir k\u00f6nnen jedoch personenbezogene Daten, die \u00fcber die Website erfasst werden, an Dritte weitergeben oder weitergeben, die unser gesamtes Gesch\u00e4ft oder einen Teil davon erwerben. Dies kann das Ergebnis einer Fusion, einer Konsolidierung oder eines Kaufs unseres gesamten Verm\u00f6gens oder eines Teils davon sein Zusammenhang mit einem von oder gegen uns eingeleiteten Insolvenz- oder Sanierungsverfahren.<\/p>\n\n\n\n<h2 class=\"wp-block-heading\">\u00d6ffentlich sichtbare Informationen<\/h2>\n\n\n\n<p>Wenn Sie auf der Website ein Benutzerprofil erstellen oder einen Kommentar hinterlassen, sind bestimmte Informationen m\u00f6glicherweise \u00f6ffentlich sichtbar. Um ein Benutzerprofil zu erstellen, m\u00fcssen Sie einen Benutzernamen und ein Kennwort ausw\u00e4hlen und Ihre E-Mail-Adresse zur Best\u00e4tigung des Profils eingeben. Ihre E-Mail-Adresse wird niemals \u00f6ffentlich zug\u00e4nglich sein. Sie k\u00f6nnen auch einen Avatar, eine Profilbeschreibung und einen Link zu Ihrer Website hinzuf\u00fcgen.<\/p>\n\n\n\n<p>Sie k\u00f6nnen auch Ihr Facebook-, Instagram- und Google-Konto verkn\u00fcpfen.<\/p>\n\n\n\n<p>Benutzern werden m\u00f6glicherweise Ihr Benutzername, Ihr Avatar, Ihre Profilbeschreibung und Website-Informationen angezeigt.<\/p>\n\n\n\n<h2 class=\"wp-block-heading\">\u00dcber Anzeigen<\/h2>\n\n\n\n<p>Wir k\u00f6nnen Werbefirmen von Drittanbietern verwenden, um Inhalte und Werbung zu schalten, wenn Sie die Website besuchen. Wie oben erw\u00e4hnt, k\u00f6nnen Cookies verwendet werden.<\/p>\n\n\n\n<h2 class=\"wp-block-heading\">Anzeigen umleiten<\/h2>\n\n\n\n<p>Von Zeit zu Zeit unternimmt die Website m\u00f6glicherweise Remarketing-Bem\u00fchungen mit Drittunternehmen wie Google, Facebook oder Instagram, um die Website zu vermarkten. Diese Unternehmen verwenden Cookies, um Anzeigen zu schalten, die auf fr\u00fcheren Besuchen einer Person auf der Website basieren.<\/p>\n\n\n\n<h2 class=\"wp-block-heading\">Partner-Links<\/h2>\n\n\n\n<p>Haftungsausschluss: Wir haben auf unserer Website Links zu Partnern, die wir als angemessen erachten, und wir verdienen eine Provision, wenn Sie Produkte \u00fcber diese Links kaufen. Wir verwenden viele der Produkte und empfehlen sie, aber wir besitzen sie sicherlich nicht und haben nicht alle Produkte verwendet. Bitte lassen Sie uns wissen, wenn Sie Fragen zu Produkten oder Affiliate-Links auf unserer Website haben.<\/p>\n\n\n\n<h2 class=\"wp-block-heading\">Eingebettete Inhalte von anderen Websites<\/h2>\n\n\n\n<p>Artikel auf dieser Website k\u00f6nnen eingebetteten Inhalt enthalten (z. B. Videos, Bilder, Artikel usw.). Eingebettete Inhalte von anderen Websites verhalten sich genauso, als h\u00e4tte der Besucher die andere Website besucht.<\/p>\n\n\n\n<p>Diese Websites k\u00f6nnen Daten \u00fcber Sie sammeln, Cookies verwenden, zus\u00e4tzliches Tracking von Drittanbietern einbetten und Ihre Interaktion mit diesem eingebetteten Inhalt \u00fcberwachen, einschlie\u00dflich der Verfolgung Ihrer Interaktion mit dem eingebetteten Inhalt, wenn Sie \u00fcber ein Konto verf\u00fcgen und auf dieser Website angemeldet sind.<\/p>\n\n\n\n<h2 class=\"wp-block-heading\">Wie lange werden Ihre Daten gespeichert?<\/h2>\n\n\n\n<p>Wenn Sie einen Kommentar hinterlassen, bleiben der Kommentar und seine Metadaten auf unbestimmte Zeit erhalten. Auf diese Weise k\u00f6nnen wir alle nachfolgenden Kommentare automatisch erkennen und genehmigen, anstatt sie in einer Moderationswarteschlange zu halten.<\/p>\n\n\n\n<p>F\u00fcr Benutzer, die sich auf unserer Website registrieren (falls vorhanden), speichern wir auch die von ihnen angegebenen pers\u00f6nlichen Informationen in ihrem Benutzerprofil. Alle Benutzer k\u00f6nnen ihre pers\u00f6nlichen Informationen jederzeit anzeigen, bearbeiten oder l\u00f6schen (au\u00dfer sie k\u00f6nnen ihren Benutzernamen nicht \u00e4ndern). Website-Administratoren k\u00f6nnen diese Informationen auch anzeigen und bearbeiten.<\/p>\n\n\n\n<h2 class=\"wp-block-heading\">Welche Rechte haben Sie an Ihren Daten?<\/h2>\n\n\n\n<p>Wenn Sie ein Konto auf dieser Website haben oder Kommentare hinterlassen haben, k\u00f6nnen Sie eine exportierte Datei mit den pers\u00f6nlichen Daten anfordern, die wir \u00fcber Sie gespeichert haben, einschlie\u00dflich aller Daten, die Sie uns zur Verf\u00fcgung gestellt haben. Sie k\u00f6nnen auch verlangen, dass wir alle personenbezogenen Daten l\u00f6schen, die wir \u00fcber Sie gespeichert haben. Dies schlie\u00dft keine Daten ein, die wir zu administrativen, rechtlichen oder Sicherheitszwecken aufbewahren m\u00fcssen.<\/p>\n\n\n\n<h2 class=\"wp-block-heading\">Wohin wir Ihre Daten senden<\/h2>\n\n\n\n<p>Besucherkommentare k\u00f6nnen \u00fcber einen automatischen Spam-Erkennungsdienst \u00fcberpr\u00fcft werden.<\/p>\n\n\n\n<h2 class=\"wp-block-heading\">\u00c4nderungen unserer Datenschutzerkl\u00e4rung<\/h2>\n\n\n\n<p>Wir k\u00f6nnen in Zukunft \u00c4nderungen an unserer Datenschutzrichtlinie vornehmen. Die aktuellste Version dieser Richtlinie regelt jedoch die Verarbeitung Ihrer pers\u00f6nlichen Daten und steht Ihnen jederzeit zur Verf\u00fcgung.<\/p>\n\n\n\n<p>Wenn wir \u00c4nderungen an dieser Richtlinie vornehmen, die nach unserem Ermessen wesentlich sind, werden wir Sie nach M\u00f6glichkeit per Update oder E-Mail benachrichtigen. Wenn Sie weiterhin auf unsere Dienste zugreifen oder diese nutzen, stimmen Sie den Bestimmungen unserer Datenschutzrichtlinie zu.<\/p>\n","protected":false},"excerpt":{"rendered":"<p>Adsense Earn Money-Datenschutzrichtlinie, adsenseearnmoney.com, verpflichtet sich, das Vertrauen aller Besucher unserer Website zu wahren. Insbesondere m\u00f6chten wir Sie darauf hinweisen, dass adsenseearnmoney.com nicht in der Lage ist, E-Mail-Listen mit anderen Unternehmen und Unternehmen zu Marketingzwecken zu verkaufen, zu vermieten oder zu handeln. Willkommen bei der Datenschutzrichtlinie von Adsense Earn Money Unsere Website-Adresse lautet https:\/\/adsenseearnmoney.com. In &#8230; <a title=\"Datenschutz-Bestimmungen\" class=\"read-more\" href=\"https:\/\/adsenseearnmoney.com\/de\/privacy-policy\/\" aria-label=\"Read more about Datenschutz-Bestimmungen\">Weiterlesen &#8230;<\/a><\/p>\n","protected":false},"author":1,"featured_media":0,"parent":0,"menu_order":0,"comment_status":"closed","ping_status":"closed","template":"template-page-builder-no-sidebar.php","meta":{"footnotes":""},"class_list":["post-3","page","type-page","status-publish"],"translation":{"provider":"WPGlobus","version":"3.0.2","language":"de","enabled_languages":["en","de","fr","zh","tw","ja"],"languages":{"en":{"title":true,"content":true,"excerpt":false},"de":{"title":true,"content":true,"excerpt":false},"fr":{"title":true,"content":true,"excerpt":false},"zh":{"title":true,"content":true,"excerpt":false},"tw":{"title":true,"content":true,"excerpt":false},"ja":{"title":true,"content":true,"excerpt":false}}},"_links":{"self":[{"href":"https:\/\/adsenseearnmoney.com\/de\/wp-json\/wp\/v2\/pages\/3","targetHints":{"allow":["GET"]}}],"collection":[{"href":"https:\/\/adsenseearnmoney.com\/de\/wp-json\/wp\/v2\/pages"}],"about":[{"href":"https:\/\/adsenseearnmoney.com\/de\/wp-json\/wp\/v2\/types\/page"}],"author":[{"embeddable":true,"href":"https:\/\/adsenseearnmoney.com\/de\/wp-json\/wp\/v2\/users\/1"}],"replies":[{"embeddable":true,"href":"https:\/\/adsenseearnmoney.com\/de\/wp-json\/wp\/v2\/comments?post=3"}],"version-history":[{"count":11,"href":"https:\/\/adsenseearnmoney.com\/de\/wp-json\/wp\/v2\/pages\/3\/revisions"}],"predecessor-version":[{"id":289,"href":"https:\/\/adsenseearnmoney.com\/de\/wp-json\/wp\/v2\/pages\/3\/revisions\/289"}],"wp:attachment":[{"href":"https:\/\/adsenseearnmoney.com\/de\/wp-json\/wp\/v2\/media?parent=3"}],"curies":[{"name":"wp","href":"https:\/\/api.w.org\/{rel}","templated":true}]}}